{"id":292,"date":"2025-09-15T20:15:23","date_gmt":"2025-09-15T20:15:23","guid":{"rendered":"https:\/\/lg-it.be\/?page_id=292"},"modified":"2025-10-13T19:57:20","modified_gmt":"2025-10-13T19:57:20","slug":"enfants-adolescents-logiscool-pays-vert","status":"publish","type":"page","link":"https:\/\/lg-it.be\/index.php\/enfants-adolescents-logiscool-pays-vert\/","title":{"rendered":"Pour enfants et adolescents"},"content":{"rendered":"\t\t<div data-elementor-type=\"wp-page\" data-elementor-id=\"292\" class=\"elementor elementor-292\">\n\t\t\t\t<div class=\"elementor-element elementor-element-c6a9b99 e-flex e-con-boxed e-con e-parent\" data-id=\"c6a9b99\" data-element_type=\"container\">\n\t\t\t\t\t<div class=\"e-con-inner\">\n\t\t<div class=\"elementor-element elementor-element-3c3882f e-con-full e-flex e-con e-child\" data-id=\"3c3882f\" data-element_type=\"container\">\n\t\t<div class=\"elementor-element elementor-element-9f318d1 e-con-full e-flex e-con e-child\" data-id=\"9f318d1\" data-element_type=\"container\">\n\t\t\t\t<div class=\"elementor-element elementor-element-d4f3dd1 elementor-widget__width-initial elementor-widget elementor-widget-heading\" data-id=\"d4f3dd1\" data-element_type=\"widget\" data-widget_type=\"heading.default\">\n\t\t\t\t\t<h2 class=\"elementor-heading-title elementor-size-default\">L'aventure digitale des 6-18 ans<\/h2>\t\t\t\t<\/div>\n\t\t\t\t<div class=\"elementor-element elementor-element-725c741 elementor-widget elementor-widget-text-editor\" data-id=\"725c741\" data-element_type=\"widget\" data-widget_type=\"text-editor.default\">\n\t\t\t\t\t\t\t\t\t<p>LG-IT a choisi de collaborer avec <strong data-start=\"172\" data-end=\"185\">Logiscool<\/strong> pour implanter, dans la r\u00e9gion d\u2019Ath, l\u2019\u00e9cole extrascolaire <strong data-start=\"246\" data-end=\"269\">Logiscool Pays Vert<\/strong>.<br data-start=\"270\" data-end=\"273\" \/>Les programmes innovants et les m\u00e9thodologies p\u00e9dagogiques d\u00e9velopp\u00e9es par Logiscool nous ont imm\u00e9diatement convaincus : apprendre \u00e0 coder, cr\u00e9er et d\u00e9couvrir le num\u00e9rique devient une exp\u00e9rience ludique et motivante pour chaque enfant.<\/p>\t\t\t\t\t\t\t\t<\/div>\n\t\t\t\t<div class=\"elementor-element elementor-element-6bf97e5 elementor-button-info elementor-align-center elementor-widget elementor-widget-button\" data-id=\"6bf97e5\" data-element_type=\"widget\" data-widget_type=\"button.default\">\n\t\t\t\t\t\t\t\t\t\t<a class=\"elementor-button elementor-button-link elementor-size-sm\" href=\"https:\/\/www.logiscool.com\/be\/locations\/paysvert\">\n\t\t\t\t\t\t<span class=\"elementor-button-content-wrapper\">\n\t\t\t\t\t\t\t\t\t<span class=\"elementor-button-text\">Plus d'information<\/span>\n\t\t\t\t\t<\/span>\n\t\t\t\t\t<\/a>\n\t\t\t\t\t\t\t\t<\/div>\n\t\t\t\t<\/div>\n\t\t<div class=\"elementor-element elementor-element-0c99a57 e-con-full e-flex e-con e-child\" data-id=\"0c99a57\" data-element_type=\"container\">\n\t\t\t\t<div class=\"elementor-element elementor-element-07a8812 elementor-widget elementor-widget-image\" data-id=\"07a8812\" data-element_type=\"widget\" data-widget_type=\"image.default\">\n\t\t\t\t\t\t\t\t\t\t\t\t\t\t\t<img fetchpriority=\"high\" decoding=\"async\" width=\"800\" height=\"800\" src=\"https:\/\/lg-it.be\/wp-content\/uploads\/2025\/09\/Game_Design_Programming_Courses4-1024x1024.png\" class=\"attachment-large size-large wp-image-378\" alt=\"\" srcset=\"https:\/\/lg-it.be\/wp-content\/uploads\/2025\/09\/Game_Design_Programming_Courses4-1024x1024.png 1024w, https:\/\/lg-it.be\/wp-content\/uploads\/2025\/09\/Game_Design_Programming_Courses4-300x300.png 300w, https:\/\/lg-it.be\/wp-content\/uploads\/2025\/09\/Game_Design_Programming_Courses4-150x150.png 150w, https:\/\/lg-it.be\/wp-content\/uploads\/2025\/09\/Game_Design_Programming_Courses4-768x768.png 768w, https:\/\/lg-it.be\/wp-content\/uploads\/2025\/09\/Game_Design_Programming_Courses4-1536x1536.png 1536w, https:\/\/lg-it.be\/wp-content\/uploads\/2025\/09\/Game_Design_Programming_Courses4.png 1890w\" sizes=\"(max-width: 800px) 100vw, 800px\" \/>\t\t\t\t\t\t\t\t\t\t\t\t\t\t\t<\/div>\n\t\t\t\t<\/div>\n\t\t\t\t<\/div>\n\t\t\t\t\t<\/div>\n\t\t\t\t<\/div>\n\t\t<div class=\"elementor-element elementor-element-5314f70 e-flex e-con-boxed e-con e-parent\" data-id=\"5314f70\" data-element_type=\"container\">\n\t\t\t\t\t<div class=\"e-con-inner\">\n\t\t\t\t\t<\/div>\n\t\t\t\t<\/div>\n\t\t\t\t<\/div>\n\t\t","protected":false},"excerpt":{"rendered":"<p>L&#8217;aventure digitale des 6-18 ans LG-IT a choisi de collaborer avec Logiscool pour implanter, dans la r\u00e9gion d\u2019Ath, l\u2019\u00e9cole extrascolaire Logiscool Pays Vert.Les programmes innovants et les m\u00e9thodologies p\u00e9dagogiques d\u00e9velopp\u00e9es [&hellip;]<\/p>\n","protected":false},"author":1,"featured_media":0,"parent":0,"menu_order":0,"comment_status":"closed","ping_status":"closed","template":"","meta":{"_price":"","_stock":"","_tribe_ticket_header":"","_tribe_default_ticket_provider":"","_tribe_ticket_capacity":"0","_ticket_start_date":"","_ticket_end_date":"","_tribe_ticket_show_description":"","_tribe_ticket_show_not_going":false,"_tribe_ticket_use_global_stock":"","_tribe_ticket_global_stock_level":"","_global_stock_mode":"","_global_stock_cap":"","_tribe_rsvp_for_event":"","_tribe_ticket_going_count":"","_tribe_ticket_not_going_count":"","_tribe_tickets_list":"[]","_tribe_ticket_has_attendee_info_fields":false,"footnotes":"","_tec_slr_enabled":"","_tec_slr_layout":""},"class_list":["post-292","page","type-page","status-publish","hentry"],"ticketed":false,"_links":{"self":[{"href":"https:\/\/lg-it.be\/index.php\/wp-json\/wp\/v2\/pages\/292","targetHints":{"allow":["GET"]}}],"collection":[{"href":"https:\/\/lg-it.be\/index.php\/wp-json\/wp\/v2\/pages"}],"about":[{"href":"https:\/\/lg-it.be\/index.php\/wp-json\/wp\/v2\/types\/page"}],"author":[{"embeddable":true,"href":"https:\/\/lg-it.be\/index.php\/wp-json\/wp\/v2\/users\/1"}],"replies":[{"embeddable":true,"href":"https:\/\/lg-it.be\/index.php\/wp-json\/wp\/v2\/comments?post=292"}],"version-history":[{"count":13,"href":"https:\/\/lg-it.be\/index.php\/wp-json\/wp\/v2\/pages\/292\/revisions"}],"predecessor-version":[{"id":452,"href":"https:\/\/lg-it.be\/index.php\/wp-json\/wp\/v2\/pages\/292\/revisions\/452"}],"wp:attachment":[{"href":"https:\/\/lg-it.be\/index.php\/wp-json\/wp\/v2\/media?parent=292"}],"curies":[{"name":"wp","href":"https:\/\/api.w.org\/{rel}","templated":true}]}}