{"id":297,"date":"2025-09-15T20:15:16","date_gmt":"2025-09-15T20:15:16","guid":{"rendered":"https:\/\/lg-it.be\/?page_id=297"},"modified":"2025-09-17T20:19:31","modified_gmt":"2025-09-17T20:19:31","slug":"ateliers-conferences-adulte","status":"publish","type":"page","link":"https:\/\/lg-it.be\/index.php\/ateliers-conferences-adulte\/","title":{"rendered":"Pour adultes"},"content":{"rendered":"\t\t<div data-elementor-type=\"wp-page\" data-elementor-id=\"297\" class=\"elementor elementor-297\">\n\t\t\t\t<div class=\"elementor-element elementor-element-3277315 e-flex e-con-boxed e-con e-parent\" data-id=\"3277315\" data-element_type=\"container\">\n\t\t\t\t\t<div class=\"e-con-inner\">\n\t\t<div class=\"elementor-element elementor-element-66fe4df e-con-full e-flex e-con e-child\" data-id=\"66fe4df\" data-element_type=\"container\">\n\t\t\t\t<div class=\"elementor-element elementor-element-43821eb elementor-widget elementor-widget-heading\" data-id=\"43821eb\" data-element_type=\"widget\" data-widget_type=\"heading.default\">\n\t\t\t\t\t<h2 class=\"elementor-heading-title elementor-size-default\">D\u00e9couverte num\u00e9rique<\/h2>\t\t\t\t<\/div>\n\t\t\t\t<div class=\"elementor-element elementor-element-9bfe55a elementor-widget elementor-widget-text-editor\" data-id=\"9bfe55a\" data-element_type=\"widget\" data-widget_type=\"text-editor.default\">\n\t\t\t\t\t\t\t\t\t<p>Le num\u00e9rique fait d\u00e9sormais partie int\u00e9grante de notre quotidien. Chez <strong data-start=\"197\" data-end=\"206\">LG-IT<\/strong>, nous proposons aux adultes des conf\u00e9rences et ateliers pratiques pour <strong data-start=\"278\" data-end=\"318\">mieux comprendre les outils digitaux<\/strong>, d\u00e9velopper de nouvelles comp\u00e9tences et gagner en autonomie. Que ce soit pour s\u00e9curiser ses donn\u00e9es, utiliser efficacement les applications collaboratives, d\u00e9couvrir l\u2019intelligence artificielle ou simplement apprendre \u00e0 naviguer avec confiance, nos activit\u00e9s sont con\u00e7ues pour rendre la technologie <strong data-start=\"618\" data-end=\"651\">accessible, utile et concr\u00e8te<\/strong>.<\/p>\t\t\t\t\t\t\t\t<\/div>\n\t\t\t\t<\/div>\n\t\t<div class=\"elementor-element elementor-element-fa5f735 e-con-full e-flex e-con e-child\" data-id=\"fa5f735\" data-element_type=\"container\">\n\t\t\t\t<div class=\"elementor-element elementor-element-1390725 elementor-widget elementor-widget-image\" data-id=\"1390725\" data-element_type=\"widget\" data-widget_type=\"image.default\">\n\t\t\t\t\t\t\t\t\t\t\t\t\t\t\t<img fetchpriority=\"high\" decoding=\"async\" width=\"800\" height=\"864\" src=\"https:\/\/lg-it.be\/wp-content\/uploads\/2025\/09\/VR-948x1024.webp\" class=\"attachment-large size-large wp-image-144\" alt=\"\" srcset=\"https:\/\/lg-it.be\/wp-content\/uploads\/2025\/09\/VR-948x1024.webp 948w, https:\/\/lg-it.be\/wp-content\/uploads\/2025\/09\/VR-278x300.webp 278w, https:\/\/lg-it.be\/wp-content\/uploads\/2025\/09\/VR-768x830.webp 768w, https:\/\/lg-it.be\/wp-content\/uploads\/2025\/09\/VR.webp 1010w\" sizes=\"(max-width: 800px) 100vw, 800px\" \/>\t\t\t\t\t\t\t\t\t\t\t\t\t\t\t<\/div>\n\t\t\t\t<\/div>\n\t\t\t\t\t<\/div>\n\t\t\t\t<\/div>\n\t\t<div class=\"elementor-element elementor-element-89ed643 e-flex e-con-boxed e-con e-parent\" data-id=\"89ed643\" data-element_type=\"container\">\n\t\t\t\t\t<div class=\"e-con-inner\">\n\t\t\t\t<div class=\"elementor-element elementor-element-9f89f16 elementor-widget elementor-widget-wp-widget-eventm_calendar\" data-id=\"9f89f16\" data-element_type=\"widget\" data-widget_type=\"wp-widget-eventm_calendar.default\">\n\t\t\t\t<div class=\"elementor-widget-container\">\n\t\t\t\t\t<h5>Ev\u00e9nements<\/h5>            <div class=\"emagic\">\r\n                <div class=\"ep_widget_container\">\r\n                    <div id=\"ep_calendar_widget\"><\/div>\r\n                    <form name=\"em_calendar_event_form\" method=\"get\" action=\"https:\/\/lg-it.be\/index.php\/all-events\/\">\r\n                        <input type=\"hidden\" name=\"ep-search\" value=\"1\" \/>\r\n                        <input type=\"hidden\" name=\"date\" id=\"em_start_date\" value=\"\" \/>\r\n                                                    <div class=\"ep_upcoming_events\">\r\n                                <div class=\"ep_calendar_widget-events-title ep-py-2 ep-fs-5 ep-mt-2\">Upcoming Events<\/div>\r\n                                                            <\/div>                    <\/form>\r\n                <\/div>\r\n            <\/div>\r\n            \t\t\t\t<\/div>\n\t\t\t\t<\/div>\n\t\t\t\t\t<\/div>\n\t\t\t\t<\/div>\n\t\t<div class=\"elementor-element elementor-element-6f93fe6 e-flex e-con-boxed e-con e-parent\" data-id=\"6f93fe6\" data-element_type=\"container\">\n\t\t\t\t\t<div class=\"e-con-inner\">\n\t\t\t\t<div class=\"elementor-element elementor-element-07f6318 elementor-widget elementor-widget-spacer\" data-id=\"07f6318\" data-element_type=\"widget\" data-widget_type=\"spacer.default\">\n\t\t\t\t\t\t\t<div class=\"elementor-spacer\">\n\t\t\t<div class=\"elementor-spacer-inner\"><\/div>\n\t\t<\/div>\n\t\t\t\t\t\t<\/div>\n\t\t\t\t\t<\/div>\n\t\t\t\t<\/div>\n\t\t\t\t<\/div>\n\t\t","protected":false},"excerpt":{"rendered":"<p>D\u00e9couverte num\u00e9rique Le num\u00e9rique fait d\u00e9sormais partie int\u00e9grante de notre quotidien. Chez LG-IT, nous proposons aux adultes des conf\u00e9rences et ateliers pratiques pour mieux comprendre les outils digitaux, d\u00e9velopper de [&hellip;]<\/p>\n","protected":false},"author":1,"featured_media":0,"parent":0,"menu_order":0,"comment_status":"closed","ping_status":"closed","template":"","meta":{"_price":"","_stock":"","_tribe_ticket_header":"","_tribe_default_ticket_provider":"","_tribe_ticket_capacity":"0","_ticket_start_date":"","_ticket_end_date":"","_tribe_ticket_show_description":"","_tribe_ticket_show_not_going":false,"_tribe_ticket_use_global_stock":"","_tribe_ticket_global_stock_level":"","_global_stock_mode":"","_global_stock_cap":"","_tribe_rsvp_for_event":"","_tribe_ticket_going_count":"","_tribe_ticket_not_going_count":"","_tribe_tickets_list":"[]","_tribe_ticket_has_attendee_info_fields":false,"footnotes":"","_tec_slr_enabled":"","_tec_slr_layout":""},"class_list":["post-297","page","type-page","status-publish","hentry"],"ticketed":false,"_links":{"self":[{"href":"https:\/\/lg-it.be\/index.php\/wp-json\/wp\/v2\/pages\/297","targetHints":{"allow":["GET"]}}],"collection":[{"href":"https:\/\/lg-it.be\/index.php\/wp-json\/wp\/v2\/pages"}],"about":[{"href":"https:\/\/lg-it.be\/index.php\/wp-json\/wp\/v2\/types\/page"}],"author":[{"embeddable":true,"href":"https:\/\/lg-it.be\/index.php\/wp-json\/wp\/v2\/users\/1"}],"replies":[{"embeddable":true,"href":"https:\/\/lg-it.be\/index.php\/wp-json\/wp\/v2\/comments?post=297"}],"version-history":[{"count":10,"href":"https:\/\/lg-it.be\/index.php\/wp-json\/wp\/v2\/pages\/297\/revisions"}],"predecessor-version":[{"id":392,"href":"https:\/\/lg-it.be\/index.php\/wp-json\/wp\/v2\/pages\/297\/revisions\/392"}],"wp:attachment":[{"href":"https:\/\/lg-it.be\/index.php\/wp-json\/wp\/v2\/media?parent=297"}],"curies":[{"name":"wp","href":"https:\/\/api.w.org\/{rel}","templated":true}]}}