{"id":299,"date":"2025-09-15T20:15:32","date_gmt":"2025-09-15T20:15:32","guid":{"rendered":"https:\/\/lg-it.be\/?page_id=299"},"modified":"2025-10-13T19:53:37","modified_gmt":"2025-10-13T19:53:37","slug":"professionnels-services-it","status":"publish","type":"page","link":"https:\/\/lg-it.be\/index.php\/professionnels-services-it\/","title":{"rendered":"Pour professionnels"},"content":{"rendered":"\t\t<div data-elementor-type=\"wp-page\" data-elementor-id=\"299\" class=\"elementor elementor-299\">\n\t\t\t\t<div class=\"elementor-element elementor-element-0f08d92 e-flex e-con-boxed e-con e-parent\" data-id=\"0f08d92\" data-element_type=\"container\">\n\t\t\t\t\t<div class=\"e-con-inner\">\n\t\t<div class=\"elementor-element elementor-element-ad9af90 e-con-full e-flex e-con e-child\" data-id=\"ad9af90\" data-element_type=\"container\">\n\t\t\t\t<div class=\"elementor-element elementor-element-171ff76 elementor-widget elementor-widget-heading\" data-id=\"171ff76\" data-element_type=\"widget\" data-widget_type=\"heading.default\">\n\t\t\t\t\t<h2 class=\"elementor-heading-title elementor-size-default\">Nos offres pour les entreprises<\/h2>\t\t\t\t<\/div>\n\t\t\t\t<div class=\"elementor-element elementor-element-3d2acea elementor-widget elementor-widget-text-editor\" data-id=\"3d2acea\" data-element_type=\"widget\" data-widget_type=\"text-editor.default\">\n\t\t\t\t\t\t\t\t\t<p>Parce que chaque entreprise a des besoins num\u00e9riques diff\u00e9rents, <strong data-start=\"381\" data-end=\"390\">LG-IT<\/strong> et ses partenaires IT vous accompagnent \u00e0 chaque \u00e9tape de votre transformation digitale.<\/p>\t\t\t\t\t\t\t\t<\/div>\n\t\t\t\t<\/div>\n\t\t<div class=\"elementor-element elementor-element-dc23467 e-con-full e-flex e-con e-child\" data-id=\"dc23467\" data-element_type=\"container\" data-settings=\"{&quot;background_background&quot;:&quot;classic&quot;}\">\n\t\t\t\t<\/div>\n\t\t\t\t\t<\/div>\n\t\t\t\t<\/div>\n\t\t<div class=\"elementor-element elementor-element-3711d00 e-flex e-con-boxed e-con e-parent\" data-id=\"3711d00\" data-element_type=\"container\">\n\t\t\t\t\t<div class=\"e-con-inner\">\n\t\t\t\t<div class=\"elementor-element elementor-element-2bf47a1 elementor-widget elementor-widget-spacer\" data-id=\"2bf47a1\" data-element_type=\"widget\" data-widget_type=\"spacer.default\">\n\t\t\t\t\t\t\t<div class=\"elementor-spacer\">\n\t\t\t<div class=\"elementor-spacer-inner\"><\/div>\n\t\t<\/div>\n\t\t\t\t\t\t<\/div>\n\t\t<div class=\"elementor-element elementor-element-e6bc577 e-con-full e-flex e-con e-child\" data-id=\"e6bc577\" data-element_type=\"container\">\n\t\t\t\t<\/div>\n\t\t\t\t\t<\/div>\n\t\t\t\t<\/div>\n\t\t<div class=\"elementor-element elementor-element-32af82e e-grid e-con-boxed e-con e-parent\" data-id=\"32af82e\" data-element_type=\"container\">\n\t\t\t\t\t<div class=\"e-con-inner\">\n\t\t\t\t<div class=\"elementor-element elementor-element-9dbd1e3 elementor-widget elementor-widget-heading\" data-id=\"9dbd1e3\" data-element_type=\"widget\" data-widget_type=\"heading.default\">\n\t\t\t\t\t<h2 class=\"elementor-heading-title elementor-size-default\">Pr\u00e9sence en ligne &amp; visibilit\u00e9<\/h2>\t\t\t\t<\/div>\n\t\t\t\t<div class=\"elementor-element elementor-element-c66a5e3 elementor-widget elementor-widget-text-editor\" data-id=\"c66a5e3\" data-element_type=\"widget\" data-widget_type=\"text-editor.default\">\n\t\t\t\t\t\t\t\t\t<p data-start=\"531\" data-end=\"582\"><strong data-start=\"531\" data-end=\"580\">Faites conna\u00eetre votre entreprise sur le web.<\/strong><\/p><ul data-start=\"583\" data-end=\"733\"><li data-start=\"583\" data-end=\"632\"><p data-start=\"585\" data-end=\"632\">Cr\u00e9ation de sites vitrines et institutionnels<\/p><\/li><li data-start=\"633\" data-end=\"678\"><p data-start=\"635\" data-end=\"678\">D\u00e9veloppement et maintenance de sites web<\/p><\/li><li data-start=\"679\" data-end=\"733\"><p data-start=\"681\" data-end=\"733\">Optimisation du r\u00e9f\u00e9rencement et de la performance<\/p><\/li><\/ul>\t\t\t\t\t\t\t\t<\/div>\n\t\t\t\t\t<\/div>\n\t\t\t\t<\/div>\n\t\t<div class=\"elementor-element elementor-element-56ab63a e-flex e-con-boxed e-con e-parent\" data-id=\"56ab63a\" data-element_type=\"container\">\n\t\t\t\t\t<div class=\"e-con-inner\">\n\t\t\t\t<div class=\"elementor-element elementor-element-33487ff elementor-widget elementor-widget-spacer\" data-id=\"33487ff\" data-element_type=\"widget\" data-widget_type=\"spacer.default\">\n\t\t\t\t\t\t\t<div class=\"elementor-spacer\">\n\t\t\t<div class=\"elementor-spacer-inner\"><\/div>\n\t\t<\/div>\n\t\t\t\t\t\t<\/div>\n\t\t\t\t\t<\/div>\n\t\t\t\t<\/div>\n\t\t<div class=\"elementor-element elementor-element-46c9139 e-grid e-con-boxed e-con e-parent\" data-id=\"46c9139\" data-element_type=\"container\">\n\t\t\t\t\t<div class=\"e-con-inner\">\n\t\t\t\t<div class=\"elementor-element elementor-element-3e1aa99 elementor-widget elementor-widget-text-editor\" data-id=\"3e1aa99\" data-element_type=\"widget\" data-widget_type=\"text-editor.default\">\n\t\t\t\t\t\t\t\t\t<p data-start=\"772\" data-end=\"839\"><strong data-start=\"772\" data-end=\"837\">Vendez vos produits et services en ligne en toute simplicit\u00e9.<\/strong><\/p><ul data-start=\"840\" data-end=\"971\"><li data-start=\"840\" data-end=\"874\"><p data-start=\"842\" data-end=\"874\">Cr\u00e9ation de boutiques en ligne<\/p><\/li><li data-start=\"875\" data-end=\"926\"><p data-start=\"877\" data-end=\"926\">Int\u00e9gration de solutions de paiement s\u00e9curis\u00e9es<\/p><\/li><li data-start=\"927\" data-end=\"971\"><p data-start=\"929\" data-end=\"971\">Gestion des stocks, commandes et clients<\/p><\/li><\/ul>\t\t\t\t\t\t\t\t<\/div>\n\t\t\t\t<div class=\"elementor-element elementor-element-ee7ae54 elementor-widget elementor-widget-heading\" data-id=\"ee7ae54\" data-element_type=\"widget\" data-widget_type=\"heading.default\">\n\t\t\t\t\t<h2 class=\"elementor-heading-title elementor-size-default\">Solutions e-commerce<\/h2>\t\t\t\t<\/div>\n\t\t\t\t\t<\/div>\n\t\t\t\t<\/div>\n\t\t<div class=\"elementor-element elementor-element-8ccbf40 e-flex e-con-boxed e-con e-parent\" data-id=\"8ccbf40\" data-element_type=\"container\">\n\t\t\t\t\t<div class=\"e-con-inner\">\n\t\t\t\t<div class=\"elementor-element elementor-element-14170df elementor-widget elementor-widget-spacer\" data-id=\"14170df\" data-element_type=\"widget\" data-widget_type=\"spacer.default\">\n\t\t\t\t\t\t\t<div class=\"elementor-spacer\">\n\t\t\t<div class=\"elementor-spacer-inner\"><\/div>\n\t\t<\/div>\n\t\t\t\t\t\t<\/div>\n\t\t\t\t\t<\/div>\n\t\t\t\t<\/div>\n\t\t<div class=\"elementor-element elementor-element-687b5f3 e-grid e-con-boxed e-con e-parent\" data-id=\"687b5f3\" data-element_type=\"container\">\n\t\t\t\t\t<div class=\"e-con-inner\">\n\t\t\t\t<div class=\"elementor-element elementor-element-7a57af0 elementor-widget elementor-widget-heading\" data-id=\"7a57af0\" data-element_type=\"widget\" data-widget_type=\"heading.default\">\n\t\t\t\t\t<h2 class=\"elementor-heading-title elementor-size-default\">Applications et outils sur mesure<\/h2>\t\t\t\t<\/div>\n\t\t\t\t<div class=\"elementor-element elementor-element-9281c16 elementor-widget elementor-widget-text-editor\" data-id=\"9281c16\" data-element_type=\"widget\" data-widget_type=\"text-editor.default\">\n\t\t\t\t\t\t\t\t\t<p data-start=\"1023\" data-end=\"1097\"><strong data-start=\"1023\" data-end=\"1095\">Digitalisez vos processus avec des solutions adapt\u00e9es \u00e0 vos besoins.<\/strong><\/p><ul data-start=\"1098\" data-end=\"1232\"><li data-start=\"1098\" data-end=\"1142\"><p data-start=\"1100\" data-end=\"1142\">D\u00e9veloppement d\u2019applications web d\u00e9di\u00e9es<\/p><\/li><li data-start=\"1143\" data-end=\"1181\"><p data-start=\"1145\" data-end=\"1181\">Int\u00e9gration d\u2019outils collaboratifs<\/p><\/li><li data-start=\"1182\" data-end=\"1232\"><p data-start=\"1184\" data-end=\"1232\">Automatisation de t\u00e2ches et gestion de donn\u00e9es<\/p><\/li><\/ul>\t\t\t\t\t\t\t\t<\/div>\n\t\t\t\t\t<\/div>\n\t\t\t\t<\/div>\n\t\t<div class=\"elementor-element elementor-element-37d152f e-flex e-con-boxed e-con e-parent\" data-id=\"37d152f\" data-element_type=\"container\">\n\t\t\t\t\t<div class=\"e-con-inner\">\n\t\t\t\t<div class=\"elementor-element elementor-element-9fdf8fd elementor-widget elementor-widget-spacer\" data-id=\"9fdf8fd\" data-element_type=\"widget\" data-widget_type=\"spacer.default\">\n\t\t\t\t\t\t\t<div class=\"elementor-spacer\">\n\t\t\t<div class=\"elementor-spacer-inner\"><\/div>\n\t\t<\/div>\n\t\t\t\t\t\t<\/div>\n\t\t\t\t\t<\/div>\n\t\t\t\t<\/div>\n\t\t<div class=\"elementor-element elementor-element-a436e11 e-grid e-con-boxed e-con e-parent\" data-id=\"a436e11\" data-element_type=\"container\">\n\t\t\t\t\t<div class=\"e-con-inner\">\n\t\t\t\t<div class=\"elementor-element elementor-element-9d3951f elementor-widget elementor-widget-text-editor\" data-id=\"9d3951f\" data-element_type=\"widget\" data-widget_type=\"text-editor.default\">\n\t\t\t\t\t\t\t\t\t<p data-start=\"1279\" data-end=\"1348\"><strong data-start=\"1279\" data-end=\"1346\">Des services fiables et s\u00e9curis\u00e9s pour soutenir votre activit\u00e9.<\/strong><\/p><ul data-start=\"1349\" data-end=\"1453\"><li data-start=\"1349\" data-end=\"1388\"><p data-start=\"1351\" data-end=\"1388\">H\u00e9bergement web et bases de donn\u00e9es<\/p><\/li><li data-start=\"1389\" data-end=\"1418\"><p data-start=\"1391\" data-end=\"1418\">Sauvegarde et supervision<\/p><\/li><li data-start=\"1419\" data-end=\"1453\"><p data-start=\"1421\" data-end=\"1453\">Solutions cloud personnalis\u00e9es<\/p><\/li><\/ul>\t\t\t\t\t\t\t\t<\/div>\n\t\t\t\t<div class=\"elementor-element elementor-element-a280213 elementor-widget elementor-widget-heading\" data-id=\"a280213\" data-element_type=\"widget\" data-widget_type=\"heading.default\">\n\t\t\t\t\t<h2 class=\"elementor-heading-title elementor-size-default\">H\u00e9bergement &amp; infrastructure<\/h2>\t\t\t\t<\/div>\n\t\t\t\t\t<\/div>\n\t\t\t\t<\/div>\n\t\t<div class=\"elementor-element elementor-element-202bcbd e-flex e-con-boxed e-con e-parent\" data-id=\"202bcbd\" data-element_type=\"container\">\n\t\t\t\t\t<div class=\"e-con-inner\">\n\t\t\t\t<div class=\"elementor-element elementor-element-8b83330 elementor-widget elementor-widget-spacer\" data-id=\"8b83330\" data-element_type=\"widget\" data-widget_type=\"spacer.default\">\n\t\t\t\t\t\t\t<div class=\"elementor-spacer\">\n\t\t\t<div class=\"elementor-spacer-inner\"><\/div>\n\t\t<\/div>\n\t\t\t\t\t\t<\/div>\n\t\t\t\t\t<\/div>\n\t\t\t\t<\/div>\n\t\t<div class=\"elementor-element elementor-element-a348cc2 e-grid e-con-boxed e-con e-parent\" data-id=\"a348cc2\" data-element_type=\"container\">\n\t\t\t\t\t<div class=\"e-con-inner\">\n\t\t\t\t<div class=\"elementor-element elementor-element-d04e1eb elementor-widget elementor-widget-heading\" data-id=\"d04e1eb\" data-element_type=\"widget\" data-widget_type=\"heading.default\">\n\t\t\t\t\t<h2 class=\"elementor-heading-title elementor-size-default\">Bureautique<\/h2>\t\t\t\t<\/div>\n\t\t\t\t<div class=\"elementor-element elementor-element-2a0ccd3 elementor-widget elementor-widget-text-editor\" data-id=\"2a0ccd3\" data-element_type=\"widget\" data-widget_type=\"text-editor.default\">\n\t\t\t\t\t\t\t\t\t<p data-start=\"1499\" data-end=\"1546\"><strong data-start=\"1499\" data-end=\"1544\">Simplifiez votre quotidien professionnel.<\/strong><\/p><ul data-start=\"1547\" data-end=\"1727\"><li data-start=\"1547\" data-end=\"1628\"><p data-start=\"1549\" data-end=\"1628\">Gestion de messagerie professionnelle (Microsoft 365, Google Workspace, etc.)<\/p><\/li><li data-start=\"1629\" data-end=\"1691\"><p data-start=\"1631\" data-end=\"1691\">Configuration et maintenance des \u00e9quipements informatiques<\/p><\/li><li data-start=\"1692\" data-end=\"1727\"><p data-start=\"1694\" data-end=\"1727\">Conseil et assistance technique<\/p><\/li><\/ul><hr data-start=\"1729\" data-end=\"1732\" \/><h3 data-start=\"1734\" data-end=\"1769\">\u00a0<\/h3>\t\t\t\t\t\t\t\t<\/div>\n\t\t\t\t\t<\/div>\n\t\t\t\t<\/div>\n\t\t<div class=\"elementor-element elementor-element-8f065a6 e-flex e-con-boxed e-con e-parent\" data-id=\"8f065a6\" data-element_type=\"container\">\n\t\t\t\t\t<div class=\"e-con-inner\">\n\t\t\t\t<div class=\"elementor-element elementor-element-17b1549 elementor-widget elementor-widget-spacer\" data-id=\"17b1549\" data-element_type=\"widget\" data-widget_type=\"spacer.default\">\n\t\t\t\t\t\t\t<div class=\"elementor-spacer\">\n\t\t\t<div class=\"elementor-spacer-inner\"><\/div>\n\t\t<\/div>\n\t\t\t\t\t\t<\/div>\n\t\t\t\t\t<\/div>\n\t\t\t\t<\/div>\n\t\t<div class=\"elementor-element elementor-element-c5556c2 e-grid e-con-boxed e-con e-parent\" data-id=\"c5556c2\" data-element_type=\"container\">\n\t\t\t\t\t<div class=\"e-con-inner\">\n\t\t\t\t<div class=\"elementor-element elementor-element-8354808 elementor-widget elementor-widget-text-editor\" data-id=\"8354808\" data-element_type=\"widget\" data-widget_type=\"text-editor.default\">\n\t\t\t\t\t\t\t\t\t<p data-start=\"1770\" data-end=\"1844\"><strong data-start=\"1770\" data-end=\"1842\">B\u00e9n\u00e9ficiez d\u2019un partenaire de confiance pour vos projets num\u00e9riques.<\/strong><\/p><ul data-start=\"1845\" data-end=\"1978\"><li data-start=\"1845\" data-end=\"1888\"><p data-start=\"1847\" data-end=\"1888\">Analyse de vos besoins et audit digital<\/p><\/li><li data-start=\"1889\" data-end=\"1943\"><p data-start=\"1891\" data-end=\"1943\">Conseils en strat\u00e9gie web et s\u00e9curit\u00e9 informatique<\/p><\/li><li data-start=\"1944\" data-end=\"1978\"><p data-start=\"1946\" data-end=\"1978\">Formation et support technique<\/p><\/li><\/ul><hr data-start=\"1980\" data-end=\"1983\" \/><p data-start=\"1985\" data-end=\"2150\" data-is-last-node=\"\" data-is-only-node=\"\">\u00a0<\/p>\t\t\t\t\t\t\t\t<\/div>\n\t\t\t\t<div class=\"elementor-element elementor-element-087daa9 elementor-widget elementor-widget-heading\" data-id=\"087daa9\" data-element_type=\"widget\" data-widget_type=\"heading.default\">\n\t\t\t\t\t<h2 class=\"elementor-heading-title elementor-size-default\">Conseils &amp; suivi<\/h2>\t\t\t\t<\/div>\n\t\t\t\t\t<\/div>\n\t\t\t\t<\/div>\n\t\t\t\t<\/div>\n\t\t","protected":false},"excerpt":{"rendered":"<p>Nos offres pour les entreprises Parce que chaque entreprise a des besoins num\u00e9riques diff\u00e9rents, LG-IT et ses partenaires IT vous accompagnent \u00e0 chaque \u00e9tape de votre transformation digitale. Pr\u00e9sence en [&hellip;]<\/p>\n","protected":false},"author":1,"featured_media":0,"parent":0,"menu_order":0,"comment_status":"closed","ping_status":"closed","template":"","meta":{"_price":"","_stock":"","_tribe_ticket_header":"","_tribe_default_ticket_provider":"","_tribe_ticket_capacity":"0","_ticket_start_date":"","_ticket_end_date":"","_tribe_ticket_show_description":"","_tribe_ticket_show_not_going":false,"_tribe_ticket_use_global_stock":"","_tribe_ticket_global_stock_level":"","_global_stock_mode":"","_global_stock_cap":"","_tribe_rsvp_for_event":"","_tribe_ticket_going_count":"","_tribe_ticket_not_going_count":"","_tribe_tickets_list":"[]","_tribe_ticket_has_attendee_info_fields":false,"footnotes":"","_tec_slr_enabled":"","_tec_slr_layout":""},"class_list":["post-299","page","type-page","status-publish","hentry"],"ticketed":false,"_links":{"self":[{"href":"https:\/\/lg-it.be\/index.php\/wp-json\/wp\/v2\/pages\/299","targetHints":{"allow":["GET"]}}],"collection":[{"href":"https:\/\/lg-it.be\/index.php\/wp-json\/wp\/v2\/pages"}],"about":[{"href":"https:\/\/lg-it.be\/index.php\/wp-json\/wp\/v2\/types\/page"}],"author":[{"embeddable":true,"href":"https:\/\/lg-it.be\/index.php\/wp-json\/wp\/v2\/users\/1"}],"replies":[{"embeddable":true,"href":"https:\/\/lg-it.be\/index.php\/wp-json\/wp\/v2\/comments?post=299"}],"version-history":[{"count":4,"href":"https:\/\/lg-it.be\/index.php\/wp-json\/wp\/v2\/pages\/299\/revisions"}],"predecessor-version":[{"id":440,"href":"https:\/\/lg-it.be\/index.php\/wp-json\/wp\/v2\/pages\/299\/revisions\/440"}],"wp:attachment":[{"href":"https:\/\/lg-it.be\/index.php\/wp-json\/wp\/v2\/media?parent=299"}],"curies":[{"name":"wp","href":"https:\/\/api.w.org\/{rel}","templated":true}]}}